{"id":338,"date":"2024-04-09T12:08:58","date_gmt":"2024-04-09T10:08:58","guid":{"rendered":"https:\/\/restaurant-aldimashqi.de\/?page_id=338"},"modified":"2024-05-03T16:24:55","modified_gmt":"2024-05-03T14:24:55","slug":"mix-grill-teller","status":"publish","type":"page","link":"https:\/\/restaurant-aldimashqi.de\/tr\/mix-grill-teller\/","title":{"rendered":"Kar\u0131\u015f\u0131k \u0130zgara"},"content":{"rendered":"<div data-elementor-type=\"wp-page\" data-elementor-id=\"338\" class=\"elementor elementor-338\" data-elementor-post-type=\"page\">\n\t\t\t\t<div class=\"elementor-element elementor-element-7bc7e676 e-con-full e-flex e-con e-parent\" data-id=\"7bc7e676\" data-element_type=\"container\" data-settings=\"{&quot;background_background&quot;:&quot;classic&quot;}\" data-core-v316-plus=\"true\">\n\t\t\t\t<div class=\"elementor-element elementor-element-2ecf66da elementor-widget elementor-widget-image\" data-id=\"2ecf66da\" data-element_type=\"widget\" data-widget_type=\"image.default\">\n\t\t\t\t<div class=\"elementor-widget-container\">\n\t\t\t<style>\/*! elementor - v3.20.0 - 26-03-2024 *\/\n.elementor-widget-image{text-align:center}.elementor-widget-image a{display:inline-block}.elementor-widget-image a img[src$=\".svg\"]{width:48px}.elementor-widget-image img{vertical-align:middle;display:inline-block}<\/style>\t\t\t\t\t\t\t\t\t\t\t<a href=\"\/tr\/\">\n\t\t\t\t\t\t\t<img fetchpriority=\"high\" decoding=\"async\" width=\"800\" height=\"137\" src=\"https:\/\/restaurant-aldimashqi.de\/wp-content\/uploads\/2024\/04\/logo.png\" class=\"attachment-large size-large wp-image-63\" alt=\"\" srcset=\"https:\/\/restaurant-aldimashqi.de\/wp-content\/uploads\/2024\/04\/logo.png 1024w, https:\/\/restaurant-aldimashqi.de\/wp-content\/uploads\/2024\/04\/logo-300x51.png 300w, https:\/\/restaurant-aldimashqi.de\/wp-content\/uploads\/2024\/04\/logo-768x131.png 768w, https:\/\/restaurant-aldimashqi.de\/wp-content\/uploads\/2024\/04\/logo-18x3.png 18w\" sizes=\"(max-width: 800px) 100vw, 800px\" \/>\t\t\t\t\t\t\t\t<\/a>\n\t\t\t\t\t\t\t\t\t\t\t\t\t<\/div>\n\t\t\t\t<\/div>\n\t\t\t\t<div class=\"elementor-element elementor-element-38444bc2 elementor-widget elementor-widget-heading\" data-id=\"38444bc2\" data-element_type=\"widget\" data-widget_type=\"heading.default\">\n\t\t\t\t<div class=\"elementor-widget-container\">\n\t\t\t<style>\/*! elementor - v3.20.0 - 26-03-2024 *\/\n.elementor-heading-title{padding:0;margin:0;line-height:1}.elementor-widget-heading .elementor-heading-title[class*=elementor-size-]>a{color:inherit;font-size:inherit;line-height:inherit}.elementor-widget-heading .elementor-heading-title.elementor-size-small{font-size:15px}.elementor-widget-heading .elementor-heading-title.elementor-size-medium{font-size:19px}.elementor-widget-heading .elementor-heading-title.elementor-size-large{font-size:29px}.elementor-widget-heading .elementor-heading-title.elementor-size-xl{font-size:39px}.elementor-widget-heading .elementor-heading-title.elementor-size-xxl{font-size:59px}<\/style><h1 class=\"elementor-heading-title elementor-size-default\">Kar\u0131\u015f\u0131k \u0130zgara<\/h1>\t\t<\/div>\n\t\t\t\t<\/div>\n\t\t\t\t<\/div>\n\t\t<div class=\"elementor-element elementor-element-4c1ab0bd e-flex e-con-boxed e-con e-parent\" data-id=\"4c1ab0bd\" data-element_type=\"container\" data-core-v316-plus=\"true\">\n\t\t\t\t\t<div class=\"e-con-inner\">\n\t\t<div class=\"elementor-element elementor-element-9f238bb e-flex e-con-boxed e-con e-child\" data-id=\"9f238bb\" data-element_type=\"container\">\n\t\t\t\t\t<div class=\"e-con-inner\">\n\t\t\t\t<div class=\"elementor-element elementor-element-ff7f37d elementor-widget elementor-widget-button\" data-id=\"ff7f37d\" data-element_type=\"widget\" data-widget_type=\"button.default\">\n\t\t\t\t<div class=\"elementor-widget-container\">\n\t\t\t\t\t<div class=\"elementor-button-wrapper\">\n\t\t\t<a class=\"elementor-button elementor-button-link elementor-size-sm\" href=\"https:\/\/restaurant-aldimashqi.de\/tr\/menu\/\">\n\t\t\t\t\t\t<span class=\"elementor-button-content-wrapper\">\n\t\t\t\t\t\t<span class=\"elementor-button-text\">Z\u00fcr\u00fcck<\/span>\n\t\t<\/span>\n\t\t\t\t\t<\/a>\n\t\t<\/div>\n\t\t\t\t<\/div>\n\t\t\t\t<\/div>\n\t\t\t\t\t<\/div>\n\t\t\t\t<\/div>\n\t\t\t\t\t<\/div>\n\t\t\t\t<\/div>\n\t\t<div class=\"elementor-element elementor-element-64f5306 e-flex e-con-boxed e-con e-parent\" data-id=\"64f5306\" data-element_type=\"container\" data-core-v316-plus=\"true\">\n\t\t\t\t\t<div class=\"e-con-inner\">\n\t\t\t\t<div class=\"elementor-element elementor-element-353ba7e elementor-widget elementor-widget-shortcode\" data-id=\"353ba7e\" data-element_type=\"widget\" data-widget_type=\"shortcode.default\">\n\t\t\t\t<div class=\"elementor-widget-container\">\n\t\t\t\t\t<div class=\"elementor-shortcode\">\t\t<div data-elementor-type=\"container\" data-elementor-id=\"330\" class=\"elementor elementor-330\" data-elementor-post-type=\"elementor_library\">\n\t\t\t\t<div class=\"elementor-element elementor-element-336d2957 e-flex e-con-boxed e-con e-parent\" data-id=\"336d2957\" data-element_type=\"container\" data-settings=\"{&quot;background_background&quot;:&quot;classic&quot;}\" data-core-v316-plus=\"true\">\n\t\t\t\t\t<div class=\"e-con-inner\">\n\t\t<div class=\"elementor-element elementor-element-ea7c997 e-con-full e-flex e-con e-child\" data-id=\"ea7c997\" data-element_type=\"container\" data-settings=\"{&quot;background_background&quot;:&quot;classic&quot;}\">\n\t\t<div class=\"elementor-element elementor-element-4dbf5c29 e-con-full e-flex e-con e-child\" data-id=\"4dbf5c29\" data-element_type=\"container\">\n\t\t\t\t<div class=\"elementor-element elementor-element-518d814d elementor-widget elementor-widget-image\" data-id=\"518d814d\" data-element_type=\"widget\" data-widget_type=\"image.default\">\n\t\t\t\t<div class=\"elementor-widget-container\">\n\t\t\t\t\t\t\t\t\t\t\t\t\t\t<a href=\"https:\/\/restaurant-aldimashqi.de\/wp-content\/uploads\/2024\/04\/ldimashqi-speisekarte-04-mix-grill-01.webp\" data-elementor-open-lightbox=\"yes\" data-e-action-hash=\"#elementor-action%3Aaction%3Dlightbox%26settings%3DeyJpZCI6MzMzLCJ1cmwiOiJodHRwczpcL1wvcmVzdGF1cmFudC1hbGRpbWFzaHFpLmRlXC93cC1jb250ZW50XC91cGxvYWRzXC8yMDI0XC8wNFwvbGRpbWFzaHFpLXNwZWlzZWthcnRlLTA0LW1peC1ncmlsbC0wMS53ZWJwIn0%3D\">\n\t\t\t\t\t\t\t<img decoding=\"async\" src=\"https:\/\/restaurant-aldimashqi.de\/wp-content\/uploads\/elementor\/thumbs\/ldimashqi-speisekarte-04-mix-grill-01-qnnvb5wl1ikhsqzhc2oectf08kf5vaui1jy9wh912w.webp\" title=\"ldimashqi-speisekarte-04-mix-grill-01\" alt=\"ldimashqi-speisekarte-04-mix-grill-01\" loading=\"lazy\" \/>\t\t\t\t\t\t\t\t<\/a>\n\t\t\t\t\t\t\t\t\t\t\t\t\t<\/div>\n\t\t\t\t<\/div>\n\t\t\t\t<\/div>\n\t\t<div class=\"elementor-element elementor-element-41784820 e-con-full e-flex e-con e-child\" data-id=\"41784820\" data-element_type=\"container\">\n\t\t<div class=\"elementor-element elementor-element-7ec4e06d e-con-full e-flex e-con e-child\" data-id=\"7ec4e06d\" data-element_type=\"container\">\n\t\t<div class=\"elementor-element elementor-element-57fdcd4f e-con-full e-flex e-con e-child\" data-id=\"57fdcd4f\" data-element_type=\"container\">\n\t\t\t\t<div class=\"elementor-element elementor-element-52bf6397 elementor-widget elementor-widget-heading\" data-id=\"52bf6397\" data-element_type=\"widget\" data-widget_type=\"heading.default\">\n\t\t\t\t<div class=\"elementor-widget-container\">\n\t\t\t<div class=\"elementor-heading-title elementor-size-default\">53 Aldimashqi kar\u0131\u015f\u0131k \u0131zgara<\/div>\t\t<\/div>\n\t\t\t\t<\/div>\n\t\t\t\t<div class=\"elementor-element elementor-element-79f36f81 elementor-widget elementor-widget-text-editor\" data-id=\"79f36f81\" data-element_type=\"widget\" data-widget_type=\"text-editor.default\">\n\t\t\t\t<div class=\"elementor-widget-container\">\n\t\t\t<style>\/*! elementor - v3.20.0 - 26-03-2024 *\/\n.elementor-widget-text-editor.elementor-drop-cap-view-stacked .elementor-drop-cap{background-color:#69727d;color:#fff}.elementor-widget-text-editor.elementor-drop-cap-view-framed .elementor-drop-cap{color:#69727d;border:3px solid;background-color:transparent}.elementor-widget-text-editor:not(.elementor-drop-cap-view-default) .elementor-drop-cap{margin-top:8px}.elementor-widget-text-editor:not(.elementor-drop-cap-view-default) .elementor-drop-cap-letter{width:1em;height:1em}.elementor-widget-text-editor .elementor-drop-cap{float:left;text-align:center;line-height:1;font-size:50px}.elementor-widget-text-editor .elementor-drop-cap-letter{display:inline-block}<\/style>\t\t\t\tHumus, salata, sar\u0131msak sos, patates k\u0131zartmas\u0131 ve salamura sebzeli 6 yemek\n\t\t\t\t\t\t<\/div>\n\t\t\t\t<\/div>\n\t\t\t\t<\/div>\n\t\t<div class=\"elementor-element elementor-element-27c2e1ca e-con-full e-flex e-con e-child\" data-id=\"27c2e1ca\" data-element_type=\"container\">\n\t\t\t\t<div class=\"elementor-element elementor-element-3e7e4f03 elementor-widget elementor-widget-heading\" data-id=\"3e7e4f03\" data-element_type=\"widget\" data-widget_type=\"heading.default\">\n\t\t\t\t<div class=\"elementor-widget-container\">\n\t\t\t<div class=\"elementor-heading-title elementor-size-default\">20.99\u20ac<\/div>\t\t<\/div>\n\t\t\t\t<\/div>\n\t\t\t\t<\/div>\n\t\t\t\t<\/div>\n\t\t<div class=\"elementor-element elementor-element-21c1d594 e-con-full e-flex e-con e-child\" data-id=\"21c1d594\" data-element_type=\"container\">\n\t\t\t\t<div class=\"elementor-element elementor-element-3a2f544d elementor-widget elementor-widget-heading\" data-id=\"3a2f544d\" data-element_type=\"widget\" data-widget_type=\"heading.default\">\n\t\t\t\t<div class=\"elementor-widget-container\">\n\t\t\t<div class=\"elementor-heading-title elementor-size-default\"><a href=\"#elementor-action:action=popup:open&settings=eyJpZCI6IjIwNSIsInRvZ2dsZSI6ZmFsc2V9\">A,B,D<\/a><\/div>\t\t<\/div>\n\t\t\t\t<\/div>\n\t\t\t\t<\/div>\n\t\t\t\t<\/div>\n\t\t\t\t<\/div>\n\t\t<div class=\"elementor-element elementor-element-0930757 e-con-full e-flex e-con e-child\" data-id=\"0930757\" data-element_type=\"container\" data-settings=\"{&quot;background_background&quot;:&quot;classic&quot;}\">\n\t\t<div class=\"elementor-element elementor-element-4d6c59d e-con-full e-flex e-con e-child\" data-id=\"4d6c59d\" data-element_type=\"container\">\n\t\t\t\t<div class=\"elementor-element elementor-element-288612d elementor-widget elementor-widget-image\" data-id=\"288612d\" data-element_type=\"widget\" data-widget_type=\"image.default\">\n\t\t\t\t<div class=\"elementor-widget-container\">\n\t\t\t\t\t\t\t\t\t\t\t\t\t\t<a href=\"https:\/\/restaurant-aldimashqi.de\/wp-content\/uploads\/2024\/04\/ldimashqi-speisekarte-04-mix_grill-02.webp\" data-elementor-open-lightbox=\"yes\" data-e-action-hash=\"#elementor-action%3Aaction%3Dlightbox%26settings%3DeyJpZCI6MzM0LCJ1cmwiOiJodHRwczpcL1wvcmVzdGF1cmFudC1hbGRpbWFzaHFpLmRlXC93cC1jb250ZW50XC91cGxvYWRzXC8yMDI0XC8wNFwvbGRpbWFzaHFpLXNwZWlzZWthcnRlLTA0LW1peF9ncmlsbC0wMi53ZWJwIn0%3D\">\n\t\t\t\t\t\t\t<img decoding=\"async\" src=\"https:\/\/restaurant-aldimashqi.de\/wp-content\/uploads\/elementor\/thumbs\/ldimashqi-speisekarte-04-mix_grill-02-qnnvb5wl1ikhsqzhc2oectf08kf5vaui1jy9wh912w.webp\" title=\"ldimashqi-speisekarte-04-mix_grill-02\" alt=\"ldimashqi-speisekarte-04-mix_grill-02\" loading=\"lazy\" \/>\t\t\t\t\t\t\t\t<\/a>\n\t\t\t\t\t\t\t\t\t\t\t\t\t<\/div>\n\t\t\t\t<\/div>\n\t\t\t\t<\/div>\n\t\t<div class=\"elementor-element elementor-element-d2321f6 e-con-full e-flex e-con e-child\" data-id=\"d2321f6\" data-element_type=\"container\">\n\t\t<div class=\"elementor-element elementor-element-1fc3bfc e-con-full e-flex e-con e-child\" data-id=\"1fc3bfc\" data-element_type=\"container\">\n\t\t<div class=\"elementor-element elementor-element-93c00eb e-con-full e-flex e-con e-child\" data-id=\"93c00eb\" data-element_type=\"container\">\n\t\t\t\t<div class=\"elementor-element elementor-element-44cae59 elementor-widget elementor-widget-heading\" data-id=\"44cae59\" data-element_type=\"widget\" data-widget_type=\"heading.default\">\n\t\t\t\t<div class=\"elementor-widget-container\">\n\t\t\t<div class=\"elementor-heading-title elementor-size-default\">27 Aldimashqi kar\u0131\u015f\u0131k \u0131zgara<\/div>\t\t<\/div>\n\t\t\t\t<\/div>\n\t\t\t\t<div class=\"elementor-element elementor-element-f0a5684 elementor-widget elementor-widget-text-editor\" data-id=\"f0a5684\" data-element_type=\"widget\" data-widget_type=\"text-editor.default\">\n\t\t\t\t<div class=\"elementor-widget-container\">\n\t\t\t\t\t\t\tHumus, salata, sar\u0131msak sos, patates k\u0131zartmas\u0131 ve salamura sebzeli 6 yemek\n\t\t\t\t\t\t<\/div>\n\t\t\t\t<\/div>\n\t\t\t\t<\/div>\n\t\t<div class=\"elementor-element elementor-element-6191b5a e-con-full e-flex e-con e-child\" data-id=\"6191b5a\" data-element_type=\"container\">\n\t\t\t\t<div class=\"elementor-element elementor-element-ed6370f elementor-widget elementor-widget-heading\" data-id=\"ed6370f\" data-element_type=\"widget\" data-widget_type=\"heading.default\">\n\t\t\t\t<div class=\"elementor-widget-container\">\n\t\t\t<div class=\"elementor-heading-title elementor-size-default\">21.99\u20ac<\/div>\t\t<\/div>\n\t\t\t\t<\/div>\n\t\t\t\t<\/div>\n\t\t\t\t<\/div>\n\t\t<div class=\"elementor-element elementor-element-d2feeeb e-con-full e-flex e-con e-child\" data-id=\"d2feeeb\" data-element_type=\"container\">\n\t\t\t\t<div class=\"elementor-element elementor-element-cb8efbe elementor-widget elementor-widget-heading\" data-id=\"cb8efbe\" data-element_type=\"widget\" data-widget_type=\"heading.default\">\n\t\t\t\t<div class=\"elementor-widget-container\">\n\t\t\t<div class=\"elementor-heading-title elementor-size-default\"><a href=\"#elementor-action:action=popup:open&settings=eyJpZCI6IjIwNSIsInRvZ2dsZSI6ZmFsc2V9\">A,B,D<\/a><\/div>\t\t<\/div>\n\t\t\t\t<\/div>\n\t\t\t\t<\/div>\n\t\t\t\t<\/div>\n\t\t\t\t<\/div>\n\t\t\t\t\t<\/div>\n\t\t\t\t<\/div>\n\t\t\t\t<\/div>\n\t\t<\/div>\n\t\t\t\t<\/div>\n\t\t\t\t<\/div>\n\t\t\t\t\t<\/div>\n\t\t\t\t<\/div>\n\t\t<div class=\"elementor-element elementor-element-ab670e8 e-con-full e-flex e-con e-parent\" data-id=\"ab670e8\" data-element_type=\"container\" data-core-v316-plus=\"true\">\n\t\t\t\t<div class=\"elementor-element elementor-element-fef1d49 elementor-widget elementor-widget-shortcode\" data-id=\"fef1d49\" data-element_type=\"widget\" data-widget_type=\"shortcode.default\">\n\t\t\t\t<div class=\"elementor-widget-container\">\n\t\t\t\t\t<div class=\"elementor-shortcode\">\t\t<div data-elementor-type=\"container\" data-elementor-id=\"45\" class=\"elementor elementor-45\" data-elementor-post-type=\"elementor_library\">\n\t\t\t\t<div class=\"elementor-element elementor-element-113a7b7 e-con-full e-flex e-con e-parent\" data-id=\"113a7b7\" data-element_type=\"container\" data-settings=\"{&quot;background_background&quot;:&quot;classic&quot;}\" data-core-v316-plus=\"true\">\n\t\t\t\t<div class=\"elementor-element elementor-element-0b80a5f elementor-widget elementor-widget-text-editor\" data-id=\"0b80a5f\" data-element_type=\"widget\" data-widget_type=\"text-editor.default\">\n\t\t\t\t<div class=\"elementor-widget-container\">\n\t\t\t\t\t\t\t<p style=\"color: #ffff;\">Aldimashqi Restaurant  | <a href=\"https:\/\/app-meister.de\/\"><span style=\"color: #ffff;\">Webseite powered by Appmeister GmbH\u00a0\u00a0<\/span><\/a><\/p>\t\t\t\t\t\t<\/div>\n\t\t\t\t<\/div>\n\t\t\t\t<\/div>\n\t\t\t\t<\/div>\n\t\t<\/div>\n\t\t\t\t<\/div>\n\t\t\t\t<\/div>\n\t\t\t\t<\/div>\n\t\t\t\t<\/div>","protected":false},"excerpt":{"rendered":"<p>Mix-Grill-Teller Z\u00fcr\u00fcck<\/p>","protected":false},"author":1,"featured_media":0,"parent":0,"menu_order":0,"comment_status":"closed","ping_status":"closed","template":"elementor_canvas","meta":{"footnotes":""},"class_list":["post-338","page","type-page","status-publish","hentry"],"_links":{"self":[{"href":"https:\/\/restaurant-aldimashqi.de\/tr\/wp-json\/wp\/v2\/pages\/338","targetHints":{"allow":["GET"]}}],"collection":[{"href":"https:\/\/restaurant-aldimashqi.de\/tr\/wp-json\/wp\/v2\/pages"}],"about":[{"href":"https:\/\/restaurant-aldimashqi.de\/tr\/wp-json\/wp\/v2\/types\/page"}],"author":[{"embeddable":true,"href":"https:\/\/restaurant-aldimashqi.de\/tr\/wp-json\/wp\/v2\/users\/1"}],"replies":[{"embeddable":true,"href":"https:\/\/restaurant-aldimashqi.de\/tr\/wp-json\/wp\/v2\/comments?post=338"}],"version-history":[{"count":16,"href":"https:\/\/restaurant-aldimashqi.de\/tr\/wp-json\/wp\/v2\/pages\/338\/revisions"}],"predecessor-version":[{"id":940,"href":"https:\/\/restaurant-aldimashqi.de\/tr\/wp-json\/wp\/v2\/pages\/338\/revisions\/940"}],"wp:attachment":[{"href":"https:\/\/restaurant-aldimashqi.de\/tr\/wp-json\/wp\/v2\/media?parent=338"}],"curies":[{"name":"wp","href":"https:\/\/api.w.org\/{rel}","templated":true}]}}