{"id":295,"date":"2024-04-08T15:48:04","date_gmt":"2024-04-08T13:48:04","guid":{"rendered":"https:\/\/restaurant-aldimashqi.de\/?page_id=295"},"modified":"2024-05-03T16:23:39","modified_gmt":"2024-05-03T14:23:39","slug":"lammgerichte","status":"publish","type":"page","link":"https:\/\/restaurant-aldimashqi.de\/tr\/lammgerichte\/","title":{"rendered":"Kuzu Yemekleri"},"content":{"rendered":"<div data-elementor-type=\"wp-page\" data-elementor-id=\"295\" class=\"elementor elementor-295\" data-elementor-post-type=\"page\">\n\t\t\t\t<div class=\"elementor-element elementor-element-17749d0f e-con-full e-flex e-con e-parent\" data-id=\"17749d0f\" data-element_type=\"container\" data-settings=\"{&quot;background_background&quot;:&quot;classic&quot;}\" data-core-v316-plus=\"true\">\n\t\t\t\t<div class=\"elementor-element elementor-element-2bb3eea5 elementor-widget elementor-widget-image\" data-id=\"2bb3eea5\" data-element_type=\"widget\" data-widget_type=\"image.default\">\n\t\t\t\t<div class=\"elementor-widget-container\">\n\t\t\t<style>\/*! elementor - v3.20.0 - 26-03-2024 *\/\n.elementor-widget-image{text-align:center}.elementor-widget-image a{display:inline-block}.elementor-widget-image a img[src$=\".svg\"]{width:48px}.elementor-widget-image img{vertical-align:middle;display:inline-block}<\/style>\t\t\t\t\t\t\t\t\t\t\t<a href=\"\/tr\/\">\n\t\t\t\t\t\t\t<img fetchpriority=\"high\" decoding=\"async\" width=\"800\" height=\"137\" src=\"https:\/\/restaurant-aldimashqi.de\/wp-content\/uploads\/2024\/04\/logo.png\" class=\"attachment-large size-large wp-image-63\" alt=\"\" srcset=\"https:\/\/restaurant-aldimashqi.de\/wp-content\/uploads\/2024\/04\/logo.png 1024w, https:\/\/restaurant-aldimashqi.de\/wp-content\/uploads\/2024\/04\/logo-300x51.png 300w, https:\/\/restaurant-aldimashqi.de\/wp-content\/uploads\/2024\/04\/logo-768x131.png 768w, https:\/\/restaurant-aldimashqi.de\/wp-content\/uploads\/2024\/04\/logo-18x3.png 18w\" sizes=\"(max-width: 800px) 100vw, 800px\" \/>\t\t\t\t\t\t\t\t<\/a>\n\t\t\t\t\t\t\t\t\t\t\t\t\t<\/div>\n\t\t\t\t<\/div>\n\t\t\t\t<div class=\"elementor-element elementor-element-4f2be48e elementor-widget elementor-widget-heading\" data-id=\"4f2be48e\" data-element_type=\"widget\" data-widget_type=\"heading.default\">\n\t\t\t\t<div class=\"elementor-widget-container\">\n\t\t\t<style>\/*! elementor - v3.20.0 - 26-03-2024 *\/\n.elementor-heading-title{padding:0;margin:0;line-height:1}.elementor-widget-heading .elementor-heading-title[class*=elementor-size-]>a{color:inherit;font-size:inherit;line-height:inherit}.elementor-widget-heading .elementor-heading-title.elementor-size-small{font-size:15px}.elementor-widget-heading .elementor-heading-title.elementor-size-medium{font-size:19px}.elementor-widget-heading .elementor-heading-title.elementor-size-large{font-size:29px}.elementor-widget-heading .elementor-heading-title.elementor-size-xl{font-size:39px}.elementor-widget-heading .elementor-heading-title.elementor-size-xxl{font-size:59px}<\/style><h1 class=\"elementor-heading-title elementor-size-default\">Kuzu Yemekleri\n<\/h1>\t\t<\/div>\n\t\t\t\t<\/div>\n\t\t\t\t<\/div>\n\t\t<div class=\"elementor-element elementor-element-3bfcdea e-flex e-con-boxed e-con e-parent\" data-id=\"3bfcdea\" data-element_type=\"container\" data-core-v316-plus=\"true\">\n\t\t\t\t\t<div class=\"e-con-inner\">\n\t\t\t\t<div class=\"elementor-element elementor-element-34c49f7d elementor-widget elementor-widget-button\" data-id=\"34c49f7d\" data-element_type=\"widget\" data-widget_type=\"button.default\">\n\t\t\t\t<div class=\"elementor-widget-container\">\n\t\t\t\t\t<div class=\"elementor-button-wrapper\">\n\t\t\t<a class=\"elementor-button elementor-button-link elementor-size-sm\" href=\"https:\/\/restaurant-aldimashqi.de\/tr\/menu\/\">\n\t\t\t\t\t\t<span class=\"elementor-button-content-wrapper\">\n\t\t\t\t\t\t<span class=\"elementor-button-text\">Z\u00fcr\u00fcck<\/span>\n\t\t<\/span>\n\t\t\t\t\t<\/a>\n\t\t<\/div>\n\t\t\t\t<\/div>\n\t\t\t\t<\/div>\n\t\t\t\t<div class=\"elementor-element elementor-element-353ba7e elementor-widget elementor-widget-shortcode\" data-id=\"353ba7e\" data-element_type=\"widget\" data-widget_type=\"shortcode.default\">\n\t\t\t\t<div class=\"elementor-widget-container\">\n\t\t\t\t\t<div class=\"elementor-shortcode\">\t\t<div data-elementor-type=\"container\" data-elementor-id=\"39\" class=\"elementor elementor-39\" data-elementor-post-type=\"elementor_library\">\n\t\t\t\t<div class=\"elementor-element elementor-element-336d2957 e-flex e-con-boxed e-con e-parent\" data-id=\"336d2957\" data-element_type=\"container\" data-settings=\"{&quot;background_background&quot;:&quot;classic&quot;}\" data-core-v316-plus=\"true\">\n\t\t\t\t\t<div class=\"e-con-inner\">\n\t\t<div class=\"elementor-element elementor-element-ea7c997 e-con-full e-flex e-con e-child\" data-id=\"ea7c997\" data-element_type=\"container\" data-settings=\"{&quot;background_background&quot;:&quot;classic&quot;}\">\n\t\t<div class=\"elementor-element elementor-element-4dbf5c29 e-con-full e-flex e-con e-child\" data-id=\"4dbf5c29\" data-element_type=\"container\">\n\t\t\t\t<div class=\"elementor-element elementor-element-518d814d elementor-widget elementor-widget-image\" data-id=\"518d814d\" data-element_type=\"widget\" data-widget_type=\"image.default\">\n\t\t\t\t<div class=\"elementor-widget-container\">\n\t\t\t\t\t\t\t\t\t\t\t\t\t\t<a href=\"https:\/\/restaurant-aldimashqi.de\/wp-content\/uploads\/2024\/04\/aldimashqi-speisekarte-02-kabab-lammfleisch-1.webp\" data-elementor-open-lightbox=\"yes\" data-e-action-hash=\"#elementor-action%3Aaction%3Dlightbox%26settings%3DeyJpZCI6MzAxLCJ1cmwiOiJodHRwczpcL1wvcmVzdGF1cmFudC1hbGRpbWFzaHFpLmRlXC93cC1jb250ZW50XC91cGxvYWRzXC8yMDI0XC8wNFwvYWxkaW1hc2hxaS1zcGVpc2VrYXJ0ZS0wMi1rYWJhYi1sYW1tZmxlaXNjaC0xLndlYnAifQ%3D%3D\">\n\t\t\t\t\t\t\t<img decoding=\"async\" src=\"https:\/\/restaurant-aldimashqi.de\/wp-content\/uploads\/elementor\/thumbs\/aldimashqi-speisekarte-02-kabab-lammfleisch-1-qnnvb5wl1ikhsqzhc2oectf08kf5vaui1jy9wh912w.webp\" title=\"aldimashqi-speisekarte-02-kabab-lammfleisch-01\" alt=\"aldimashqi-speisekarte-02-kabab-lammfleisch-01\" loading=\"lazy\" \/>\t\t\t\t\t\t\t\t<\/a>\n\t\t\t\t\t\t\t\t\t\t\t\t\t<\/div>\n\t\t\t\t<\/div>\n\t\t\t\t<\/div>\n\t\t<div class=\"elementor-element elementor-element-41784820 e-con-full e-flex e-con e-child\" data-id=\"41784820\" data-element_type=\"container\">\n\t\t<div class=\"elementor-element elementor-element-7ec4e06d e-con-full e-flex e-con e-child\" data-id=\"7ec4e06d\" data-element_type=\"container\">\n\t\t<div class=\"elementor-element elementor-element-57fdcd4f e-con-full e-flex e-con e-child\" data-id=\"57fdcd4f\" data-element_type=\"container\">\n\t\t\t\t<div class=\"elementor-element elementor-element-52bf6397 elementor-widget elementor-widget-heading\" data-id=\"52bf6397\" data-element_type=\"widget\" data-widget_type=\"heading.default\">\n\t\t\t\t<div class=\"elementor-widget-container\">\n\t\t\t<div class=\"elementor-heading-title elementor-size-default\">40 Kuzu kebab\u0131<\/div>\t\t<\/div>\n\t\t\t\t<\/div>\n\t\t\t\t<div class=\"elementor-element elementor-element-79f36f81 elementor-widget elementor-widget-text-editor\" data-id=\"79f36f81\" data-element_type=\"widget\" data-widget_type=\"text-editor.default\">\n\t\t\t\t<div class=\"elementor-widget-container\">\n\t\t\t<style>\/*! elementor - v3.20.0 - 26-03-2024 *\/\n.elementor-widget-text-editor.elementor-drop-cap-view-stacked .elementor-drop-cap{background-color:#69727d;color:#fff}.elementor-widget-text-editor.elementor-drop-cap-view-framed .elementor-drop-cap{color:#69727d;border:3px solid;background-color:transparent}.elementor-widget-text-editor:not(.elementor-drop-cap-view-default) .elementor-drop-cap{margin-top:8px}.elementor-widget-text-editor:not(.elementor-drop-cap-view-default) .elementor-drop-cap-letter{width:1em;height:1em}.elementor-widget-text-editor .elementor-drop-cap{float:left;text-align:center;line-height:1;font-size:50px}.elementor-widget-text-editor .elementor-drop-cap-letter{display:inline-block}<\/style>\t\t\t\t<p>Humus, marul, sar\u0131msak sos, patates k\u0131zartmas\u0131 ve salamura sebze ile \u0131zgara kuzu k\u0131yma<\/p>\t\t\t\t\t\t<\/div>\n\t\t\t\t<\/div>\n\t\t\t\t<\/div>\n\t\t<div class=\"elementor-element elementor-element-27c2e1ca e-con-full e-flex e-con e-child\" data-id=\"27c2e1ca\" data-element_type=\"container\">\n\t\t\t\t<div class=\"elementor-element elementor-element-3e7e4f03 elementor-widget elementor-widget-heading\" data-id=\"3e7e4f03\" data-element_type=\"widget\" data-widget_type=\"heading.default\">\n\t\t\t\t<div class=\"elementor-widget-container\">\n\t\t\t<div class=\"elementor-heading-title elementor-size-default\">16.99\u20ac<\/div>\t\t<\/div>\n\t\t\t\t<\/div>\n\t\t\t\t<\/div>\n\t\t\t\t<\/div>\n\t\t<div class=\"elementor-element elementor-element-21c1d594 e-con-full e-flex e-con e-child\" data-id=\"21c1d594\" data-element_type=\"container\">\n\t\t\t\t<div class=\"elementor-element elementor-element-3a2f544d elementor-widget elementor-widget-heading\" data-id=\"3a2f544d\" data-element_type=\"widget\" data-widget_type=\"heading.default\">\n\t\t\t\t<div class=\"elementor-widget-container\">\n\t\t\t<div class=\"elementor-heading-title elementor-size-default\"><a href=\"#elementor-action:action=popup:open&settings=eyJpZCI6IjIwNSIsInRvZ2dsZSI6ZmFsc2V9\">A,B,D<\/a><\/div>\t\t<\/div>\n\t\t\t\t<\/div>\n\t\t\t\t<\/div>\n\t\t\t\t<\/div>\n\t\t\t\t<\/div>\n\t\t<div class=\"elementor-element elementor-element-1b030060 e-con-full e-flex e-con e-child\" data-id=\"1b030060\" data-element_type=\"container\" data-settings=\"{&quot;background_background&quot;:&quot;classic&quot;}\">\n\t\t<div class=\"elementor-element elementor-element-73b01af6 e-con-full e-flex e-con e-child\" data-id=\"73b01af6\" data-element_type=\"container\">\n\t\t\t\t<div class=\"elementor-element elementor-element-7519300c elementor-widget elementor-widget-image\" data-id=\"7519300c\" data-element_type=\"widget\" data-widget_type=\"image.default\">\n\t\t\t\t<div class=\"elementor-widget-container\">\n\t\t\t\t\t\t\t\t\t\t\t\t\t\t<a href=\"https:\/\/restaurant-aldimashqi.de\/wp-content\/uploads\/2024\/04\/aldimashqi-speisekarte-02-grill-lammfleisch-2.webp\" data-elementor-open-lightbox=\"yes\" data-e-action-hash=\"#elementor-action%3Aaction%3Dlightbox%26settings%3DeyJpZCI6MzAyLCJ1cmwiOiJodHRwczpcL1wvcmVzdGF1cmFudC1hbGRpbWFzaHFpLmRlXC93cC1jb250ZW50XC91cGxvYWRzXC8yMDI0XC8wNFwvYWxkaW1hc2hxaS1zcGVpc2VrYXJ0ZS0wMi1ncmlsbC1sYW1tZmxlaXNjaC0yLndlYnAifQ%3D%3D\">\n\t\t\t\t\t\t\t<img decoding=\"async\" src=\"https:\/\/restaurant-aldimashqi.de\/wp-content\/uploads\/elementor\/thumbs\/aldimashqi-speisekarte-02-grill-lammfleisch-2-qnnvb5wl1ikhsqzhc2oectf08kf5vaui1jy9wh912w.webp\" title=\"aldimashqi-speisekarte-02-grill-lammfleisch-02\" alt=\"aldimashqi-speisekarte-02-grill-lammfleisch-02\" loading=\"lazy\" \/>\t\t\t\t\t\t\t\t<\/a>\n\t\t\t\t\t\t\t\t\t\t\t\t\t<\/div>\n\t\t\t\t<\/div>\n\t\t\t\t<\/div>\n\t\t<div class=\"elementor-element elementor-element-403cf213 e-con-full e-flex e-con e-child\" data-id=\"403cf213\" data-element_type=\"container\">\n\t\t<div class=\"elementor-element elementor-element-b4851c3 e-con-full e-flex e-con e-child\" data-id=\"b4851c3\" data-element_type=\"container\">\n\t\t<div class=\"elementor-element elementor-element-4c5367a0 e-con-full e-flex e-con e-child\" data-id=\"4c5367a0\" data-element_type=\"container\">\n\t\t\t\t<div class=\"elementor-element elementor-element-6ffce7f2 elementor-widget elementor-widget-heading\" data-id=\"6ffce7f2\" data-element_type=\"widget\" data-widget_type=\"heading.default\">\n\t\t\t\t<div class=\"elementor-widget-container\">\n\t\t\t<div class=\"elementor-heading-title elementor-size-default\">47 Kuzu \u0131zgara<\/div>\t\t<\/div>\n\t\t\t\t<\/div>\n\t\t\t\t<div class=\"elementor-element elementor-element-5facdb0b elementor-widget elementor-widget-text-editor\" data-id=\"5facdb0b\" data-element_type=\"widget\" data-widget_type=\"text-editor.default\">\n\t\t\t\t<div class=\"elementor-widget-container\">\n\t\t\t\t\t\t\tHumus, marul, sar\u0131msak sos, patates k\u0131zartmas\u0131 ve sebze tur\u015fusu ile \u0131zgara kuzu par\u00e7alar\u0131\t\t\t\t\t\t<\/div>\n\t\t\t\t<\/div>\n\t\t\t\t<\/div>\n\t\t<div class=\"elementor-element elementor-element-649df656 e-con-full e-flex e-con e-child\" data-id=\"649df656\" data-element_type=\"container\">\n\t\t\t\t<div class=\"elementor-element elementor-element-12114e63 elementor-widget elementor-widget-heading\" data-id=\"12114e63\" data-element_type=\"widget\" data-widget_type=\"heading.default\">\n\t\t\t\t<div class=\"elementor-widget-container\">\n\t\t\t<div class=\"elementor-heading-title elementor-size-default\">17.99\u20ac<\/div>\t\t<\/div>\n\t\t\t\t<\/div>\n\t\t\t\t<\/div>\n\t\t\t\t<\/div>\n\t\t<div class=\"elementor-element elementor-element-ba6f3a e-con-full e-flex e-con e-child\" data-id=\"ba6f3a\" data-element_type=\"container\">\n\t\t\t\t<div class=\"elementor-element elementor-element-4f41dc74 elementor-widget elementor-widget-heading\" data-id=\"4f41dc74\" data-element_type=\"widget\" data-widget_type=\"heading.default\">\n\t\t\t\t<div class=\"elementor-widget-container\">\n\t\t\t<div class=\"elementor-heading-title elementor-size-default\"><a href=\"#elementor-action:action=popup:open&settings=eyJpZCI6IjIwNSIsInRvZ2dsZSI6ZmFsc2V9\">A,B,D<\/a><\/div>\t\t<\/div>\n\t\t\t\t<\/div>\n\t\t\t\t<\/div>\n\t\t\t\t<\/div>\n\t\t\t\t<\/div>\n\t\t<div class=\"elementor-element elementor-element-9a147bc e-con-full e-flex e-con e-child\" data-id=\"9a147bc\" data-element_type=\"container\" data-settings=\"{&quot;background_background&quot;:&quot;classic&quot;}\">\n\t\t<div class=\"elementor-element elementor-element-722c2b6c e-con-full e-flex e-con e-child\" data-id=\"722c2b6c\" data-element_type=\"container\">\n\t\t\t\t<div class=\"elementor-element elementor-element-42047d5b elementor-widget elementor-widget-image\" data-id=\"42047d5b\" data-element_type=\"widget\" data-widget_type=\"image.default\">\n\t\t\t\t<div class=\"elementor-widget-container\">\n\t\t\t\t\t\t\t\t\t\t\t\t\t\t<a href=\"https:\/\/restaurant-aldimashqi.de\/wp-content\/uploads\/2024\/04\/aldimashqi-speisekarte-02-kabab-aubergine-03.webp\" data-elementor-open-lightbox=\"yes\" data-e-action-hash=\"#elementor-action%3Aaction%3Dlightbox%26settings%3DeyJpZCI6MzAzLCJ1cmwiOiJodHRwczpcL1wvcmVzdGF1cmFudC1hbGRpbWFzaHFpLmRlXC93cC1jb250ZW50XC91cGxvYWRzXC8yMDI0XC8wNFwvYWxkaW1hc2hxaS1zcGVpc2VrYXJ0ZS0wMi1rYWJhYi1hdWJlcmdpbmUtMDMud2VicCJ9\">\n\t\t\t\t\t\t\t<img decoding=\"async\" src=\"https:\/\/restaurant-aldimashqi.de\/wp-content\/uploads\/elementor\/thumbs\/aldimashqi-speisekarte-02-kabab-aubergine-03-qnnvb5wl1ikhsqzhc2oectf08kf5vaui1jy9wh912w.webp\" title=\"aldimashqi-speisekarte-02-kabab-aubergine-03\" alt=\"aldimashqi-speisekarte-02-kabab-aubergine-03\" loading=\"lazy\" \/>\t\t\t\t\t\t\t\t<\/a>\n\t\t\t\t\t\t\t\t\t\t\t\t\t<\/div>\n\t\t\t\t<\/div>\n\t\t\t\t<\/div>\n\t\t<div class=\"elementor-element elementor-element-62654bc e-con-full e-flex e-con e-child\" data-id=\"62654bc\" data-element_type=\"container\">\n\t\t<div class=\"elementor-element elementor-element-2fc9b495 e-con-full e-flex e-con e-child\" data-id=\"2fc9b495\" data-element_type=\"container\">\n\t\t<div class=\"elementor-element elementor-element-5ce8ccae e-con-full e-flex e-con e-child\" data-id=\"5ce8ccae\" data-element_type=\"container\">\n\t\t\t\t<div class=\"elementor-element elementor-element-3a72fd94 elementor-widget elementor-widget-heading\" data-id=\"3a72fd94\" data-element_type=\"widget\" data-widget_type=\"heading.default\">\n\t\t\t\t<div class=\"elementor-widget-container\">\n\t\t\t<div class=\"elementor-heading-title elementor-size-default\">41 Patl\u0131can kebab\u0131<\/div>\t\t<\/div>\n\t\t\t\t<\/div>\n\t\t\t\t<div class=\"elementor-element elementor-element-379bc028 elementor-widget elementor-widget-text-editor\" data-id=\"379bc028\" data-element_type=\"widget\" data-widget_type=\"text-editor.default\">\n\t\t\t\t<div class=\"elementor-widget-container\">\n\t\t\t\t\t\t\tIzgara patl\u0131can, humus, marul, sar\u0131msak sos, patates k\u0131zartmas\u0131 ve sebze tur\u015fusu ile \u0131zgara kuzu k\u0131yma\n\t\t\t\t\t\t<\/div>\n\t\t\t\t<\/div>\n\t\t\t\t<\/div>\n\t\t<div class=\"elementor-element elementor-element-d1e7660 e-con-full e-flex e-con e-child\" data-id=\"d1e7660\" data-element_type=\"container\">\n\t\t\t\t<div class=\"elementor-element elementor-element-6301d66e elementor-widget elementor-widget-heading\" data-id=\"6301d66e\" data-element_type=\"widget\" data-widget_type=\"heading.default\">\n\t\t\t\t<div class=\"elementor-widget-container\">\n\t\t\t<div class=\"elementor-heading-title elementor-size-default\">16.99\u20ac<\/div>\t\t<\/div>\n\t\t\t\t<\/div>\n\t\t\t\t<\/div>\n\t\t\t\t<\/div>\n\t\t<div class=\"elementor-element elementor-element-7526eb26 e-con-full e-flex e-con e-child\" data-id=\"7526eb26\" data-element_type=\"container\">\n\t\t\t\t<div class=\"elementor-element elementor-element-503651b6 elementor-widget elementor-widget-heading\" data-id=\"503651b6\" data-element_type=\"widget\" data-widget_type=\"heading.default\">\n\t\t\t\t<div class=\"elementor-widget-container\">\n\t\t\t<div class=\"elementor-heading-title elementor-size-default\"><a href=\"#elementor-action:action=popup:open&settings=eyJpZCI6IjIwNSIsInRvZ2dsZSI6ZmFsc2V9\">A,B,D<\/a><\/div>\t\t<\/div>\n\t\t\t\t<\/div>\n\t\t\t\t<\/div>\n\t\t\t\t<\/div>\n\t\t\t\t<\/div>\n\t\t\t\t\t<\/div>\n\t\t\t\t<\/div>\n\t\t\t\t<\/div>\n\t\t<\/div>\n\t\t\t\t<\/div>\n\t\t\t\t<\/div>\n\t\t\t\t\t<\/div>\n\t\t\t\t<\/div>\n\t\t<div class=\"elementor-element elementor-element-7a563ce e-con-full e-flex e-con e-parent\" data-id=\"7a563ce\" data-element_type=\"container\" data-core-v316-plus=\"true\">\n\t\t\t\t<div class=\"elementor-element elementor-element-1c6f384 elementor-widget elementor-widget-shortcode\" data-id=\"1c6f384\" data-element_type=\"widget\" data-widget_type=\"shortcode.default\">\n\t\t\t\t<div class=\"elementor-widget-container\">\n\t\t\t\t\t<div class=\"elementor-shortcode\">\t\t<div data-elementor-type=\"container\" data-elementor-id=\"45\" class=\"elementor elementor-45\" data-elementor-post-type=\"elementor_library\">\n\t\t\t\t<div class=\"elementor-element elementor-element-113a7b7 e-con-full e-flex e-con e-parent\" data-id=\"113a7b7\" data-element_type=\"container\" data-settings=\"{&quot;background_background&quot;:&quot;classic&quot;}\" data-core-v316-plus=\"true\">\n\t\t\t\t<div class=\"elementor-element elementor-element-0b80a5f elementor-widget elementor-widget-text-editor\" data-id=\"0b80a5f\" data-element_type=\"widget\" data-widget_type=\"text-editor.default\">\n\t\t\t\t<div class=\"elementor-widget-container\">\n\t\t\t\t\t\t\t<p style=\"color: #ffff;\">Aldimashqi Restaurant  | <a href=\"https:\/\/app-meister.de\/\"><span style=\"color: #ffff;\">Webseite powered by Appmeister GmbH\u00a0\u00a0<\/span><\/a><\/p>\t\t\t\t\t\t<\/div>\n\t\t\t\t<\/div>\n\t\t\t\t<\/div>\n\t\t\t\t<\/div>\n\t\t<\/div>\n\t\t\t\t<\/div>\n\t\t\t\t<\/div>\n\t\t\t\t<\/div>\n\t\t\t\t<\/div>","protected":false},"excerpt":{"rendered":"<p>Lammgerichte Z\u00fcr\u00fcck<\/p>","protected":false},"author":1,"featured_media":0,"parent":0,"menu_order":0,"comment_status":"closed","ping_status":"closed","template":"elementor_canvas","meta":{"footnotes":""},"class_list":["post-295","page","type-page","status-publish","hentry"],"_links":{"self":[{"href":"https:\/\/restaurant-aldimashqi.de\/tr\/wp-json\/wp\/v2\/pages\/295","targetHints":{"allow":["GET"]}}],"collection":[{"href":"https:\/\/restaurant-aldimashqi.de\/tr\/wp-json\/wp\/v2\/pages"}],"about":[{"href":"https:\/\/restaurant-aldimashqi.de\/tr\/wp-json\/wp\/v2\/types\/page"}],"author":[{"embeddable":true,"href":"https:\/\/restaurant-aldimashqi.de\/tr\/wp-json\/wp\/v2\/users\/1"}],"replies":[{"embeddable":true,"href":"https:\/\/restaurant-aldimashqi.de\/tr\/wp-json\/wp\/v2\/comments?post=295"}],"version-history":[{"count":43,"href":"https:\/\/restaurant-aldimashqi.de\/tr\/wp-json\/wp\/v2\/pages\/295\/revisions"}],"predecessor-version":[{"id":934,"href":"https:\/\/restaurant-aldimashqi.de\/tr\/wp-json\/wp\/v2\/pages\/295\/revisions\/934"}],"wp:attachment":[{"href":"https:\/\/restaurant-aldimashqi.de\/tr\/wp-json\/wp\/v2\/media?parent=295"}],"curies":[{"name":"wp","href":"https:\/\/api.w.org\/{rel}","templated":true}]}}